{"id":822,"date":"2023-09-11T13:33:08","date_gmt":"2023-09-11T11:33:08","guid":{"rendered":"https:\/\/sideshore.kunde.website\/rechtliche-hinweise-und-copyright\/"},"modified":"2024-02-12T17:51:59","modified_gmt":"2024-02-12T16:51:59","slug":"rechtliche-hinweise-und-copyright","status":"publish","type":"page","link":"https:\/\/sideshore.ch\/fr\/rechtliche-hinweise-und-copyright\/","title":{"rendered":"Informations l\u00e9gales et copyright"},"content":{"rendered":"\n<h4 class=\"wp-block-heading\">Informations l\u00e9gales et copyright<\/h4>\n\n\n\n<p>Ce site web est la propri\u00e9t\u00e9 de Sideshore AG. Tout le contenu qui appara\u00eet sur ce site, y compris les textes, les graphiques, les photos, les images, les illustrations et les logiciels, est la propri\u00e9t\u00e9 de Sideshore AG ou de ses partenaires.<\/p>\n\n\n\n<p>La copie ou la retransmission par quelque moyen que ce soit d&rsquo;une partie ou d&rsquo;un \u00e9l\u00e9ment du site web ou de son contenu est interdite, sauf en cas d&rsquo;accord avec Sideshore AG.<\/p>\n\n\n\n<p>Les informations propos\u00e9es ici ont \u00e9t\u00e9 rassembl\u00e9es \u00e0 partir de sources internes et externes. Aucune responsabilit\u00e9 n&rsquo;est assum\u00e9e quant \u00e0 l&rsquo;exhaustivit\u00e9 ou l&rsquo;exactitude des informations. Nous attirons en particulier l&rsquo;attention sur le fait que les informations peuvent \u00eatre incompl\u00e8tes, erron\u00e9es ou obsol\u00e8tes.<\/p>\n\n\n\n<p>En acc\u00e9dant \u00e0 ce site, vous acceptez que Sideshore AG ne soit pas responsable de toute perte directe ou indirecte r\u00e9sultant de l&rsquo;utilisation des informations et du mat\u00e9riel qui y figurent.<\/p>\n","protected":false},"excerpt":{"rendered":"<p>Informations l\u00e9gales et copyright Ce site web est la propri\u00e9t\u00e9 de Sideshore AG. Tout le contenu qui appara\u00eet sur ce site, y compris &#8230;<\/p>\n","protected":false},"author":2,"featured_media":250,"parent":0,"menu_order":0,"comment_status":"closed","ping_status":"closed","template":"","meta":{"_acf_changed":false,"footnotes":""},"class_list":["post-822","page","type-page","status-publish","has-post-thumbnail","hentry"],"acf":[],"yoast_head":"<!-- This site is optimized with the Yoast SEO plugin v27.2 - https:\/\/yoast.com\/product\/yoast-seo-wordpress\/ -->\n<title>Informations l\u00e9gales et copyright - Sideshore AG<\/title>\n<meta name=\"description\" content=\"Informations l\u00e9gales et copyright Ce site web est la propri\u00e9t\u00e9 de Sideshore AG. Tout le contenu qui appara\u00eet sur ce site, y compris ...\" \/>\n<meta name=\"robots\" content=\"index, follow, max-snippet:-1, max-image-preview:large, max-video-preview:-1\" \/>\n<link rel=\"canonical\" href=\"https:\/\/sideshore.ch\/fr\/rechtliche-hinweise-und-copyright\/\" \/>\n<meta property=\"og:locale\" content=\"fr_FR\" \/>\n<meta property=\"og:type\" content=\"article\" \/>\n<meta property=\"og:title\" content=\"Informations l\u00e9gales et copyright - Sideshore AG\" \/>\n<meta property=\"og:description\" content=\"Informations l\u00e9gales et copyright Ce site web est la propri\u00e9t\u00e9 de Sideshore AG. Tout le contenu qui appara\u00eet sur ce site, y compris ...\" \/>\n<meta property=\"og:url\" content=\"https:\/\/sideshore.ch\/fr\/rechtliche-hinweise-und-copyright\/\" \/>\n<meta property=\"og:site_name\" content=\"Sideshore AG\" \/>\n<meta property=\"article:modified_time\" content=\"2024-02-12T16:51:59+00:00\" \/>\n<meta property=\"og:image\" content=\"https:\/\/sideshore.ch\/wp-content\/uploads\/2023\/09\/DSC_3013_photo_Bartek_Wolinski_www.wolisphoto.com_.jpg\" \/>\n\t<meta property=\"og:image:width\" content=\"1772\" \/>\n\t<meta property=\"og:image:height\" content=\"1181\" \/>\n\t<meta property=\"og:image:type\" content=\"image\/jpeg\" \/>\n<meta name=\"twitter:card\" content=\"summary_large_image\" \/>\n<script type=\"application\/ld+json\" class=\"yoast-schema-graph\">{\"@context\":\"https:\/\/schema.org\",\"@graph\":[{\"@type\":\"WebPage\",\"@id\":\"https:\/\/sideshore.ch\/fr\/rechtliche-hinweise-und-copyright\/\",\"url\":\"https:\/\/sideshore.ch\/fr\/rechtliche-hinweise-und-copyright\/\",\"name\":\"Informations l\u00e9gales et copyright - Sideshore AG\",\"isPartOf\":{\"@id\":\"https:\/\/sideshore.ch\/fr\/#website\"},\"primaryImageOfPage\":{\"@id\":\"https:\/\/sideshore.ch\/fr\/rechtliche-hinweise-und-copyright\/#primaryimage\"},\"image\":{\"@id\":\"https:\/\/sideshore.ch\/fr\/rechtliche-hinweise-und-copyright\/#primaryimage\"},\"thumbnailUrl\":\"https:\/\/sideshore.ch\/wp-content\/uploads\/2023\/09\/DSC_3013_photo_Bartek_Wolinski_www.wolisphoto.com_.jpg\",\"datePublished\":\"2023-09-11T11:33:08+00:00\",\"dateModified\":\"2024-02-12T16:51:59+00:00\",\"breadcrumb\":{\"@id\":\"https:\/\/sideshore.ch\/fr\/rechtliche-hinweise-und-copyright\/#breadcrumb\"},\"inLanguage\":\"fr-FR\",\"potentialAction\":[{\"@type\":\"ReadAction\",\"target\":[\"https:\/\/sideshore.ch\/fr\/rechtliche-hinweise-und-copyright\/\"]}]},{\"@type\":\"ImageObject\",\"inLanguage\":\"fr-FR\",\"@id\":\"https:\/\/sideshore.ch\/fr\/rechtliche-hinweise-und-copyright\/#primaryimage\",\"url\":\"https:\/\/sideshore.ch\/wp-content\/uploads\/2023\/09\/DSC_3013_photo_Bartek_Wolinski_www.wolisphoto.com_.jpg\",\"contentUrl\":\"https:\/\/sideshore.ch\/wp-content\/uploads\/2023\/09\/DSC_3013_photo_Bartek_Wolinski_www.wolisphoto.com_.jpg\",\"width\":1772,\"height\":1181},{\"@type\":\"BreadcrumbList\",\"@id\":\"https:\/\/sideshore.ch\/fr\/rechtliche-hinweise-und-copyright\/#breadcrumb\",\"itemListElement\":[{\"@type\":\"ListItem\",\"position\":1,\"name\":\"Startseite\",\"item\":\"https:\/\/sideshore.ch\/fr\/\"},{\"@type\":\"ListItem\",\"position\":2,\"name\":\"Informations l\u00e9gales et copyright\"}]},{\"@type\":\"WebSite\",\"@id\":\"https:\/\/sideshore.ch\/fr\/#website\",\"url\":\"https:\/\/sideshore.ch\/fr\/\",\"name\":\"Sideshore AG\",\"description\":\"Your Swiss distribution partner for premium sports and outdoor brands\",\"publisher\":{\"@id\":\"https:\/\/sideshore.ch\/fr\/#organization\"},\"potentialAction\":[{\"@type\":\"SearchAction\",\"target\":{\"@type\":\"EntryPoint\",\"urlTemplate\":\"https:\/\/sideshore.ch\/fr\/?s={search_term_string}\"},\"query-input\":{\"@type\":\"PropertyValueSpecification\",\"valueRequired\":true,\"valueName\":\"search_term_string\"}}],\"inLanguage\":\"fr-FR\"},{\"@type\":\"Organization\",\"@id\":\"https:\/\/sideshore.ch\/fr\/#organization\",\"name\":\"Sideshore AG\",\"url\":\"https:\/\/sideshore.ch\/fr\/\",\"logo\":{\"@type\":\"ImageObject\",\"inLanguage\":\"fr-FR\",\"@id\":\"https:\/\/sideshore.ch\/fr\/#\/schema\/logo\/image\/\",\"url\":\"https:\/\/sideshore.ch\/wp-content\/uploads\/2024\/02\/Sideshore_Logo_231129_green.png\",\"contentUrl\":\"https:\/\/sideshore.ch\/wp-content\/uploads\/2024\/02\/Sideshore_Logo_231129_green.png\",\"width\":1875,\"height\":212,\"caption\":\"Sideshore AG\"},\"image\":{\"@id\":\"https:\/\/sideshore.ch\/fr\/#\/schema\/logo\/image\/\"}}]}<\/script>\n<!-- \/ Yoast SEO plugin. -->","yoast_head_json":{"title":"Informations l\u00e9gales et copyright - Sideshore AG","description":"Informations l\u00e9gales et copyright Ce site web est la propri\u00e9t\u00e9 de Sideshore AG. Tout le contenu qui appara\u00eet sur ce site, y compris ...","robots":{"index":"index","follow":"follow","max-snippet":"max-snippet:-1","max-image-preview":"max-image-preview:large","max-video-preview":"max-video-preview:-1"},"canonical":"https:\/\/sideshore.ch\/fr\/rechtliche-hinweise-und-copyright\/","og_locale":"fr_FR","og_type":"article","og_title":"Informations l\u00e9gales et copyright - Sideshore AG","og_description":"Informations l\u00e9gales et copyright Ce site web est la propri\u00e9t\u00e9 de Sideshore AG. Tout le contenu qui appara\u00eet sur ce site, y compris ...","og_url":"https:\/\/sideshore.ch\/fr\/rechtliche-hinweise-und-copyright\/","og_site_name":"Sideshore AG","article_modified_time":"2024-02-12T16:51:59+00:00","og_image":[{"width":1772,"height":1181,"url":"https:\/\/sideshore.ch\/wp-content\/uploads\/2023\/09\/DSC_3013_photo_Bartek_Wolinski_www.wolisphoto.com_.jpg","type":"image\/jpeg"}],"twitter_card":"summary_large_image","schema":{"@context":"https:\/\/schema.org","@graph":[{"@type":"WebPage","@id":"https:\/\/sideshore.ch\/fr\/rechtliche-hinweise-und-copyright\/","url":"https:\/\/sideshore.ch\/fr\/rechtliche-hinweise-und-copyright\/","name":"Informations l\u00e9gales et copyright - Sideshore AG","isPartOf":{"@id":"https:\/\/sideshore.ch\/fr\/#website"},"primaryImageOfPage":{"@id":"https:\/\/sideshore.ch\/fr\/rechtliche-hinweise-und-copyright\/#primaryimage"},"image":{"@id":"https:\/\/sideshore.ch\/fr\/rechtliche-hinweise-und-copyright\/#primaryimage"},"thumbnailUrl":"https:\/\/sideshore.ch\/wp-content\/uploads\/2023\/09\/DSC_3013_photo_Bartek_Wolinski_www.wolisphoto.com_.jpg","datePublished":"2023-09-11T11:33:08+00:00","dateModified":"2024-02-12T16:51:59+00:00","breadcrumb":{"@id":"https:\/\/sideshore.ch\/fr\/rechtliche-hinweise-und-copyright\/#breadcrumb"},"inLanguage":"fr-FR","potentialAction":[{"@type":"ReadAction","target":["https:\/\/sideshore.ch\/fr\/rechtliche-hinweise-und-copyright\/"]}]},{"@type":"ImageObject","inLanguage":"fr-FR","@id":"https:\/\/sideshore.ch\/fr\/rechtliche-hinweise-und-copyright\/#primaryimage","url":"https:\/\/sideshore.ch\/wp-content\/uploads\/2023\/09\/DSC_3013_photo_Bartek_Wolinski_www.wolisphoto.com_.jpg","contentUrl":"https:\/\/sideshore.ch\/wp-content\/uploads\/2023\/09\/DSC_3013_photo_Bartek_Wolinski_www.wolisphoto.com_.jpg","width":1772,"height":1181},{"@type":"BreadcrumbList","@id":"https:\/\/sideshore.ch\/fr\/rechtliche-hinweise-und-copyright\/#breadcrumb","itemListElement":[{"@type":"ListItem","position":1,"name":"Startseite","item":"https:\/\/sideshore.ch\/fr\/"},{"@type":"ListItem","position":2,"name":"Informations l\u00e9gales et copyright"}]},{"@type":"WebSite","@id":"https:\/\/sideshore.ch\/fr\/#website","url":"https:\/\/sideshore.ch\/fr\/","name":"Sideshore AG","description":"Your Swiss distribution partner for premium sports and outdoor brands","publisher":{"@id":"https:\/\/sideshore.ch\/fr\/#organization"},"potentialAction":[{"@type":"SearchAction","target":{"@type":"EntryPoint","urlTemplate":"https:\/\/sideshore.ch\/fr\/?s={search_term_string}"},"query-input":{"@type":"PropertyValueSpecification","valueRequired":true,"valueName":"search_term_string"}}],"inLanguage":"fr-FR"},{"@type":"Organization","@id":"https:\/\/sideshore.ch\/fr\/#organization","name":"Sideshore AG","url":"https:\/\/sideshore.ch\/fr\/","logo":{"@type":"ImageObject","inLanguage":"fr-FR","@id":"https:\/\/sideshore.ch\/fr\/#\/schema\/logo\/image\/","url":"https:\/\/sideshore.ch\/wp-content\/uploads\/2024\/02\/Sideshore_Logo_231129_green.png","contentUrl":"https:\/\/sideshore.ch\/wp-content\/uploads\/2024\/02\/Sideshore_Logo_231129_green.png","width":1875,"height":212,"caption":"Sideshore AG"},"image":{"@id":"https:\/\/sideshore.ch\/fr\/#\/schema\/logo\/image\/"}}]}},"_links":{"self":[{"href":"https:\/\/sideshore.ch\/fr\/wp-json\/wp\/v2\/pages\/822","targetHints":{"allow":["GET"]}}],"collection":[{"href":"https:\/\/sideshore.ch\/fr\/wp-json\/wp\/v2\/pages"}],"about":[{"href":"https:\/\/sideshore.ch\/fr\/wp-json\/wp\/v2\/types\/page"}],"author":[{"embeddable":true,"href":"https:\/\/sideshore.ch\/fr\/wp-json\/wp\/v2\/users\/2"}],"replies":[{"embeddable":true,"href":"https:\/\/sideshore.ch\/fr\/wp-json\/wp\/v2\/comments?post=822"}],"version-history":[{"count":1,"href":"https:\/\/sideshore.ch\/fr\/wp-json\/wp\/v2\/pages\/822\/revisions"}],"predecessor-version":[{"id":824,"href":"https:\/\/sideshore.ch\/fr\/wp-json\/wp\/v2\/pages\/822\/revisions\/824"}],"wp:featuredmedia":[{"embeddable":true,"href":"https:\/\/sideshore.ch\/fr\/wp-json\/wp\/v2\/media\/250"}],"wp:attachment":[{"href":"https:\/\/sideshore.ch\/fr\/wp-json\/wp\/v2\/media?parent=822"}],"curies":[{"name":"wp","href":"https:\/\/api.w.org\/{rel}","templated":true}]}}