{"id":789,"date":"2023-09-11T13:19:26","date_gmt":"2023-09-11T11:19:26","guid":{"rendered":"https:\/\/sideshore.kunde.website\/leitbild\/"},"modified":"2024-02-14T13:48:05","modified_gmt":"2024-02-14T12:48:05","slug":"leitbild","status":"publish","type":"page","link":"https:\/\/sideshore.ch\/fr\/leitbild\/","title":{"rendered":"Charte"},"content":{"rendered":"\n<div class=\"wp-block-columns is-layout-flex wp-container-core-columns-is-layout-9d6595d7 wp-block-columns-is-layout-flex\">\n<div class=\"wp-block-column is-layout-flow wp-block-column-is-layout-flow\">\n<h2 class=\"wp-block-heading\">Vision<\/h2>\n\n\n\n<h6 class=\"wp-block-heading has-light-green-cyan-color has-text-color has-link-color wp-elements-934505027ac43853129e0467f5018ea6\">ce que nous voulons r\u00e9aliser<\/h6>\n\n\n\n<p>Sideshore AG s&rsquo;efforce d&rsquo;inspirer et d&rsquo;enrichir la communaut\u00e9 sportive suisse. Notre passion pour le sport nous pousse \u00e0 fournir chaque jour nos meilleures prestations \u00e0 nos clients ainsi qu&rsquo;\u00e0 lancer des tendances innovantes dans les domaines des sports aquatiques, des sports d&rsquo;hiver, du v\u00e9lo et des loisirs. Nos collaborateurs engag\u00e9s sont la colonne vert\u00e9brale de notre entreprise. Leur expertise, leur amour du sport et leur esprit d&rsquo;\u00e9quipe sont d\u00e9terminants pour notre succ\u00e8s.<\/p>\n<\/div>\n\n\n\n<div class=\"wp-block-column is-layout-flow wp-block-column-is-layout-flow\" style=\"flex-basis:100px\"><\/div>\n\n\n\n<div class=\"wp-block-column is-layout-flow wp-block-column-is-layout-flow\">\n<h2 class=\"wp-block-heading\">Mission<\/h2>\n\n\n\n<h6 class=\"wp-block-heading has-light-green-cyan-color has-text-color has-link-color wp-elements-43a724cbe260a374553a030b9944d5e7\">ce que nous voulons faire<\/h6>\n\n\n\n<p>La mission de Sideshore AG est de r\u00e9pondre aux besoins des passionn\u00e9s de sport en Suisse en proposant des produits et des services de haute qualit\u00e9. Gr\u00e2ce \u00e0 notre passion pour le sport et \u00e0 notre engagement en mati\u00e8re de fiabilit\u00e9 et de vitesse, nous nous effor\u00e7ons d&rsquo;inspirer et d&rsquo;enrichir la communaut\u00e9 sportive.<\/p>\n<\/div>\n<\/div>\n\n\n\n<div style=\"height:100px\" aria-hidden=\"true\" class=\"wp-block-spacer\"><\/div>\n\n\n\n<h2 class=\"wp-block-heading\">Nos valeurs<\/h2>\n\n\n\n<div class=\"wp-block-columns is-layout-flex wp-container-core-columns-is-layout-9d6595d7 wp-block-columns-is-layout-flex\">\n<div class=\"wp-block-column is-layout-flow wp-block-column-is-layout-flow\" style=\"flex-basis:33.33%\">\n<h6 class=\"wp-block-heading has-light-green-cyan-color has-text-color has-link-color wp-elements-8ec801e1453d4cb665279dd2ed22ad09\">La passion du sport<\/h6>\n<\/div>\n\n\n\n<div class=\"wp-block-column is-layout-flow wp-block-column-is-layout-flow\" style=\"flex-basis:66.66%\">\n<p>Nous vivons et respirons le sport. Notre profond attachement aux activit\u00e9s sportives les plus diverses, que ce soit sur l&rsquo;eau, en montagne ou sur la neige, constitue le c\u0153ur de notre entreprise. Cette passion nous pousse \u00e0 ne proposer que les meilleurs produits et services.<\/p>\n<\/div>\n<\/div>\n\n\n\n<div class=\"wp-block-columns is-layout-flex wp-container-core-columns-is-layout-9d6595d7 wp-block-columns-is-layout-flex\">\n<div class=\"wp-block-column is-layout-flow wp-block-column-is-layout-flow\" style=\"flex-basis:33.33%\">\n<h6 class=\"wp-block-heading has-light-green-cyan-color has-text-color has-link-color wp-elements-58e2eab475816862c0db6d811f805450\">Vivre les marques et cr\u00e9er des tendances<\/h6>\n<\/div>\n\n\n\n<div class=\"wp-block-column is-layout-flow wp-block-column-is-layout-flow\" style=\"flex-basis:66.66%\">\n<p>Pour nous, les marques sont plus que de simples produits. Nous vivons et repr\u00e9sentons les marques que nous distribuons et cr\u00e9ons des tendances dans le secteur du sport. Gr\u00e2ce \u00e0 notre conviction et \u00e0 notre expertise, nous portons ces marques avec passion sur le march\u00e9 suisse et inspirons les autres.<\/p>\n<\/div>\n<\/div>\n\n\n\n<div class=\"wp-block-columns is-layout-flex wp-container-core-columns-is-layout-9d6595d7 wp-block-columns-is-layout-flex\">\n<div class=\"wp-block-column is-layout-flow wp-block-column-is-layout-flow\" style=\"flex-basis:33.33%\">\n<h6 class=\"wp-block-heading has-light-green-cyan-color has-text-color has-link-color wp-elements-775c20e657b82fe7542821e931745b83\">Responsabilit\u00e9 envers la nature<\/h6>\n<\/div>\n\n\n\n<div class=\"wp-block-column is-layout-flow wp-block-column-is-layout-flow\" style=\"flex-basis:66.66%\">\n<p>Chez Sideshore AG, nous sommes conscients de notre responsabilit\u00e9 envers la nature et l&rsquo;environnement. Nous nous effor\u00e7ons activement de s\u00e9lectionner des produits et des marques qui utilisent des mat\u00e9riaux respectueux de l&rsquo;environnement et qui garantissent des processus de fabrication \u00e9cologiques. En outre, nous travaillons en permanence \u00e0 l&rsquo;optimisation de nos processus de transport et de logistique afin de minimiser l&#8217;empreinte carbone de nos cha\u00eenes d&rsquo;approvisionnement.<\/p>\n<\/div>\n<\/div>\n\n\n\n<div class=\"wp-block-columns is-layout-flex wp-container-core-columns-is-layout-9d6595d7 wp-block-columns-is-layout-flex\">\n<div class=\"wp-block-column is-layout-flow wp-block-column-is-layout-flow\" style=\"flex-basis:33.33%\">\n<h6 class=\"wp-block-heading has-light-green-cyan-color has-text-color has-link-color wp-elements-383e084d28d998077c846d7da0b991e7\">Interaction et innovation<\/h6>\n<\/div>\n\n\n\n<div class=\"wp-block-column is-layout-flow wp-block-column-is-layout-flow\" style=\"flex-basis:66.66%\">\n<p>Nous encourageons l&rsquo;interaction entre nos partenaires, qu&rsquo;il s&rsquo;agisse de fournisseurs, de revendeurs sp\u00e9cialis\u00e9s ou de sportifs. Ces canaux de communication ouverts permettent un \u00e9change continu d&rsquo;informations et d\u00e9bouchent sur de nouvelles id\u00e9es innovantes. Ces id\u00e9es sont directement int\u00e9gr\u00e9es dans le d\u00e9veloppement de nos produits et garantissent une qualit\u00e9 sup\u00e9rieure.<\/p>\n<\/div>\n<\/div>\n\n\n\n<div class=\"wp-block-columns is-layout-flex wp-container-core-columns-is-layout-9d6595d7 wp-block-columns-is-layout-flex\">\n<div class=\"wp-block-column is-layout-flow wp-block-column-is-layout-flow\" style=\"flex-basis:33.33%\">\n<h6 class=\"wp-block-heading has-light-green-cyan-color has-text-color has-link-color wp-elements-f3ec5d08460a7f749cdc437a4cad700a\">Fiabilit\u00e9 et rapidit\u00e9<\/h6>\n<\/div>\n\n\n\n<div class=\"wp-block-column is-layout-flow wp-block-column-is-layout-flow\" style=\"flex-basis:66.66%\">\n<p>Nos clients et partenaires appr\u00e9cient notre fiabilit\u00e9 et notre rapidit\u00e9. Nous sommes fiers d&rsquo;offrir un service client\u00e8le de premier ordre, que ce soit pour la vente, le lancement de nouveaux produits ou la pr\u00e9sentation de la marque dans les magasins sp\u00e9cialis\u00e9s. Nous misons sur l&rsquo;efficacit\u00e9 et la ponctualit\u00e9 pour d\u00e9passer les attentes de nos partenaires et jeter ainsi les bases de relations durables, bas\u00e9es sur la confiance, le respect et des objectifs communs.<\/p>\n<\/div>\n<\/div>\n","protected":false},"excerpt":{"rendered":"<p>Vision ce que nous voulons r\u00e9aliser Sideshore AG s&rsquo;efforce d&rsquo;inspirer et d&rsquo;enrichir la communaut\u00e9 sportive suisse. Notre passion pour le sport nous pousse &#8230;<\/p>\n","protected":false},"author":2,"featured_media":526,"parent":0,"menu_order":0,"comment_status":"closed","ping_status":"closed","template":"","meta":{"_acf_changed":false,"footnotes":""},"class_list":["post-789","page","type-page","status-publish","has-post-thumbnail","hentry"],"acf":[],"yoast_head":"<!-- This site is optimized with the Yoast SEO plugin v27.2 - https:\/\/yoast.com\/product\/yoast-seo-wordpress\/ -->\n<title>Charte - Sideshore AG<\/title>\n<meta name=\"description\" content=\"Vision ce que nous voulons r\u00e9aliser Sideshore AG s&rsquo;efforce d&rsquo;inspirer et d&rsquo;enrichir la communaut\u00e9 sportive suisse. Notre passion pour le sport nous pousse ...\" \/>\n<meta name=\"robots\" content=\"index, follow, max-snippet:-1, max-image-preview:large, max-video-preview:-1\" \/>\n<link rel=\"canonical\" href=\"https:\/\/sideshore.ch\/fr\/leitbild\/\" \/>\n<meta property=\"og:locale\" content=\"fr_FR\" \/>\n<meta property=\"og:type\" content=\"article\" \/>\n<meta property=\"og:title\" content=\"Charte - Sideshore AG\" \/>\n<meta property=\"og:description\" content=\"Vision ce que nous voulons r\u00e9aliser Sideshore AG s&rsquo;efforce d&rsquo;inspirer et d&rsquo;enrichir la communaut\u00e9 sportive suisse. Notre passion pour le sport nous pousse ...\" \/>\n<meta property=\"og:url\" content=\"https:\/\/sideshore.ch\/fr\/leitbild\/\" \/>\n<meta property=\"og:site_name\" content=\"Sideshore AG\" \/>\n<meta property=\"article:modified_time\" content=\"2024-02-14T12:48:05+00:00\" \/>\n<meta property=\"og:image\" content=\"https:\/\/sideshore.ch\/wp-content\/uploads\/2024\/02\/SQlab_Cycling003.jpg\" \/>\n\t<meta property=\"og:image:width\" content=\"3000\" \/>\n\t<meta property=\"og:image:height\" content=\"2000\" \/>\n\t<meta property=\"og:image:type\" content=\"image\/jpeg\" \/>\n<meta name=\"twitter:card\" content=\"summary_large_image\" \/>\n<script type=\"application\/ld+json\" class=\"yoast-schema-graph\">{\"@context\":\"https:\/\/schema.org\",\"@graph\":[{\"@type\":\"WebPage\",\"@id\":\"https:\/\/sideshore.ch\/fr\/leitbild\/\",\"url\":\"https:\/\/sideshore.ch\/fr\/leitbild\/\",\"name\":\"Charte - Sideshore AG\",\"isPartOf\":{\"@id\":\"https:\/\/sideshore.ch\/fr\/#website\"},\"primaryImageOfPage\":{\"@id\":\"https:\/\/sideshore.ch\/fr\/leitbild\/#primaryimage\"},\"image\":{\"@id\":\"https:\/\/sideshore.ch\/fr\/leitbild\/#primaryimage\"},\"thumbnailUrl\":\"https:\/\/sideshore.ch\/wp-content\/uploads\/2024\/02\/SQlab_Cycling003.jpg\",\"datePublished\":\"2023-09-11T11:19:26+00:00\",\"dateModified\":\"2024-02-14T12:48:05+00:00\",\"breadcrumb\":{\"@id\":\"https:\/\/sideshore.ch\/fr\/leitbild\/#breadcrumb\"},\"inLanguage\":\"fr-FR\",\"potentialAction\":[{\"@type\":\"ReadAction\",\"target\":[\"https:\/\/sideshore.ch\/fr\/leitbild\/\"]}]},{\"@type\":\"ImageObject\",\"inLanguage\":\"fr-FR\",\"@id\":\"https:\/\/sideshore.ch\/fr\/leitbild\/#primaryimage\",\"url\":\"https:\/\/sideshore.ch\/wp-content\/uploads\/2024\/02\/SQlab_Cycling003.jpg\",\"contentUrl\":\"https:\/\/sideshore.ch\/wp-content\/uploads\/2024\/02\/SQlab_Cycling003.jpg\",\"width\":3000,\"height\":2000},{\"@type\":\"BreadcrumbList\",\"@id\":\"https:\/\/sideshore.ch\/fr\/leitbild\/#breadcrumb\",\"itemListElement\":[{\"@type\":\"ListItem\",\"position\":1,\"name\":\"Startseite\",\"item\":\"https:\/\/sideshore.ch\/fr\/\"},{\"@type\":\"ListItem\",\"position\":2,\"name\":\"Charte\"}]},{\"@type\":\"WebSite\",\"@id\":\"https:\/\/sideshore.ch\/fr\/#website\",\"url\":\"https:\/\/sideshore.ch\/fr\/\",\"name\":\"Sideshore AG\",\"description\":\"Your Swiss distribution partner for premium sports and outdoor brands\",\"publisher\":{\"@id\":\"https:\/\/sideshore.ch\/fr\/#organization\"},\"potentialAction\":[{\"@type\":\"SearchAction\",\"target\":{\"@type\":\"EntryPoint\",\"urlTemplate\":\"https:\/\/sideshore.ch\/fr\/?s={search_term_string}\"},\"query-input\":{\"@type\":\"PropertyValueSpecification\",\"valueRequired\":true,\"valueName\":\"search_term_string\"}}],\"inLanguage\":\"fr-FR\"},{\"@type\":\"Organization\",\"@id\":\"https:\/\/sideshore.ch\/fr\/#organization\",\"name\":\"Sideshore AG\",\"url\":\"https:\/\/sideshore.ch\/fr\/\",\"logo\":{\"@type\":\"ImageObject\",\"inLanguage\":\"fr-FR\",\"@id\":\"https:\/\/sideshore.ch\/fr\/#\/schema\/logo\/image\/\",\"url\":\"https:\/\/sideshore.ch\/wp-content\/uploads\/2024\/02\/Sideshore_Logo_231129_green.png\",\"contentUrl\":\"https:\/\/sideshore.ch\/wp-content\/uploads\/2024\/02\/Sideshore_Logo_231129_green.png\",\"width\":1875,\"height\":212,\"caption\":\"Sideshore AG\"},\"image\":{\"@id\":\"https:\/\/sideshore.ch\/fr\/#\/schema\/logo\/image\/\"}}]}<\/script>\n<!-- \/ Yoast SEO plugin. -->","yoast_head_json":{"title":"Charte - Sideshore AG","description":"Vision ce que nous voulons r\u00e9aliser Sideshore AG s&rsquo;efforce d&rsquo;inspirer et d&rsquo;enrichir la communaut\u00e9 sportive suisse. Notre passion pour le sport nous pousse ...","robots":{"index":"index","follow":"follow","max-snippet":"max-snippet:-1","max-image-preview":"max-image-preview:large","max-video-preview":"max-video-preview:-1"},"canonical":"https:\/\/sideshore.ch\/fr\/leitbild\/","og_locale":"fr_FR","og_type":"article","og_title":"Charte - Sideshore AG","og_description":"Vision ce que nous voulons r\u00e9aliser Sideshore AG s&rsquo;efforce d&rsquo;inspirer et d&rsquo;enrichir la communaut\u00e9 sportive suisse. Notre passion pour le sport nous pousse ...","og_url":"https:\/\/sideshore.ch\/fr\/leitbild\/","og_site_name":"Sideshore AG","article_modified_time":"2024-02-14T12:48:05+00:00","og_image":[{"width":3000,"height":2000,"url":"https:\/\/sideshore.ch\/wp-content\/uploads\/2024\/02\/SQlab_Cycling003.jpg","type":"image\/jpeg"}],"twitter_card":"summary_large_image","schema":{"@context":"https:\/\/schema.org","@graph":[{"@type":"WebPage","@id":"https:\/\/sideshore.ch\/fr\/leitbild\/","url":"https:\/\/sideshore.ch\/fr\/leitbild\/","name":"Charte - Sideshore AG","isPartOf":{"@id":"https:\/\/sideshore.ch\/fr\/#website"},"primaryImageOfPage":{"@id":"https:\/\/sideshore.ch\/fr\/leitbild\/#primaryimage"},"image":{"@id":"https:\/\/sideshore.ch\/fr\/leitbild\/#primaryimage"},"thumbnailUrl":"https:\/\/sideshore.ch\/wp-content\/uploads\/2024\/02\/SQlab_Cycling003.jpg","datePublished":"2023-09-11T11:19:26+00:00","dateModified":"2024-02-14T12:48:05+00:00","breadcrumb":{"@id":"https:\/\/sideshore.ch\/fr\/leitbild\/#breadcrumb"},"inLanguage":"fr-FR","potentialAction":[{"@type":"ReadAction","target":["https:\/\/sideshore.ch\/fr\/leitbild\/"]}]},{"@type":"ImageObject","inLanguage":"fr-FR","@id":"https:\/\/sideshore.ch\/fr\/leitbild\/#primaryimage","url":"https:\/\/sideshore.ch\/wp-content\/uploads\/2024\/02\/SQlab_Cycling003.jpg","contentUrl":"https:\/\/sideshore.ch\/wp-content\/uploads\/2024\/02\/SQlab_Cycling003.jpg","width":3000,"height":2000},{"@type":"BreadcrumbList","@id":"https:\/\/sideshore.ch\/fr\/leitbild\/#breadcrumb","itemListElement":[{"@type":"ListItem","position":1,"name":"Startseite","item":"https:\/\/sideshore.ch\/fr\/"},{"@type":"ListItem","position":2,"name":"Charte"}]},{"@type":"WebSite","@id":"https:\/\/sideshore.ch\/fr\/#website","url":"https:\/\/sideshore.ch\/fr\/","name":"Sideshore AG","description":"Your Swiss distribution partner for premium sports and outdoor brands","publisher":{"@id":"https:\/\/sideshore.ch\/fr\/#organization"},"potentialAction":[{"@type":"SearchAction","target":{"@type":"EntryPoint","urlTemplate":"https:\/\/sideshore.ch\/fr\/?s={search_term_string}"},"query-input":{"@type":"PropertyValueSpecification","valueRequired":true,"valueName":"search_term_string"}}],"inLanguage":"fr-FR"},{"@type":"Organization","@id":"https:\/\/sideshore.ch\/fr\/#organization","name":"Sideshore AG","url":"https:\/\/sideshore.ch\/fr\/","logo":{"@type":"ImageObject","inLanguage":"fr-FR","@id":"https:\/\/sideshore.ch\/fr\/#\/schema\/logo\/image\/","url":"https:\/\/sideshore.ch\/wp-content\/uploads\/2024\/02\/Sideshore_Logo_231129_green.png","contentUrl":"https:\/\/sideshore.ch\/wp-content\/uploads\/2024\/02\/Sideshore_Logo_231129_green.png","width":1875,"height":212,"caption":"Sideshore AG"},"image":{"@id":"https:\/\/sideshore.ch\/fr\/#\/schema\/logo\/image\/"}}]}},"_links":{"self":[{"href":"https:\/\/sideshore.ch\/fr\/wp-json\/wp\/v2\/pages\/789","targetHints":{"allow":["GET"]}}],"collection":[{"href":"https:\/\/sideshore.ch\/fr\/wp-json\/wp\/v2\/pages"}],"about":[{"href":"https:\/\/sideshore.ch\/fr\/wp-json\/wp\/v2\/types\/page"}],"author":[{"embeddable":true,"href":"https:\/\/sideshore.ch\/fr\/wp-json\/wp\/v2\/users\/2"}],"replies":[{"embeddable":true,"href":"https:\/\/sideshore.ch\/fr\/wp-json\/wp\/v2\/comments?post=789"}],"version-history":[{"count":2,"href":"https:\/\/sideshore.ch\/fr\/wp-json\/wp\/v2\/pages\/789\/revisions"}],"predecessor-version":[{"id":1245,"href":"https:\/\/sideshore.ch\/fr\/wp-json\/wp\/v2\/pages\/789\/revisions\/1245"}],"wp:featuredmedia":[{"embeddable":true,"href":"https:\/\/sideshore.ch\/fr\/wp-json\/wp\/v2\/media\/526"}],"wp:attachment":[{"href":"https:\/\/sideshore.ch\/fr\/wp-json\/wp\/v2\/media?parent=789"}],"curies":[{"name":"wp","href":"https:\/\/api.w.org\/{rel}","templated":true}]}}