{"id":615,"date":"2023-09-10T22:40:30","date_gmt":"2023-09-10T20:40:30","guid":{"rendered":"https:\/\/sideshore.kunde.website\/home\/"},"modified":"2024-03-19T08:54:19","modified_gmt":"2024-03-19T07:54:19","slug":"home","status":"publish","type":"page","link":"https:\/\/sideshore.ch\/fr\/","title":{"rendered":"Home"},"content":{"rendered":"\n<h2 class=\"wp-block-heading h1\">Bienvenue<\/h2>\n\n\n\n<p>En tant que distributeur de diff\u00e9rentes marques de sport, nous commercialisons des produits de premi\u00e8re qualit\u00e9.<\/p>\n\n\n\n<p>En mettant clairement l&rsquo;accent sur la passion pour les marques, l&rsquo;interaction innovante, la grande fiabilit\u00e9 et la rapidit\u00e9, nous veillons \u00e0 ce que les produits de marque soient disponibles au bon moment et au bon endroit, c&rsquo;est-\u00e0-dire l\u00e0 o\u00f9 les tendances naissent et sont v\u00e9cues.<\/p>\n","protected":false},"excerpt":{"rendered":"<p>Bienvenue En tant que distributeur de diff\u00e9rentes marques de sport, nous commercialisons des produits de premi\u00e8re qualit\u00e9. En mettant clairement l&rsquo;accent sur la &#8230;<\/p>\n","protected":false},"author":2,"featured_media":0,"parent":0,"menu_order":0,"comment_status":"closed","ping_status":"closed","template":"template-home.php","meta":{"_acf_changed":false,"footnotes":""},"class_list":["post-615","page","type-page","status-publish","hentry"],"acf":[],"yoast_head":"<!-- This site is optimized with the Yoast SEO plugin v27.2 - https:\/\/yoast.com\/product\/yoast-seo-wordpress\/ -->\n<title>Home - Sideshore AG<\/title>\n<meta name=\"description\" content=\"Bienvenue En tant que distributeur de diff\u00e9rentes marques de sport, nous commercialisons des produits de premi\u00e8re qualit\u00e9. En mettant clairement l&rsquo;accent sur la ...\" \/>\n<meta name=\"robots\" content=\"index, follow, max-snippet:-1, max-image-preview:large, max-video-preview:-1\" \/>\n<link rel=\"canonical\" href=\"https:\/\/sideshore.ch\/fr\/\" \/>\n<meta property=\"og:locale\" content=\"fr_FR\" \/>\n<meta property=\"og:type\" content=\"article\" \/>\n<meta property=\"og:title\" content=\"Home - Sideshore AG\" \/>\n<meta property=\"og:description\" content=\"Bienvenue En tant que distributeur de diff\u00e9rentes marques de sport, nous commercialisons des produits de premi\u00e8re qualit\u00e9. En mettant clairement l&rsquo;accent sur la ...\" \/>\n<meta property=\"og:url\" content=\"https:\/\/sideshore.ch\/fr\/\" \/>\n<meta property=\"og:site_name\" content=\"Sideshore AG\" \/>\n<meta property=\"article:modified_time\" content=\"2024-03-19T07:54:19+00:00\" \/>\n<meta name=\"twitter:card\" content=\"summary_large_image\" \/>\n<script type=\"application\/ld+json\" class=\"yoast-schema-graph\">{\"@context\":\"https:\/\/schema.org\",\"@graph\":[{\"@type\":\"WebPage\",\"@id\":\"https:\/\/sideshore.ch\/fr\/\",\"url\":\"https:\/\/sideshore.ch\/fr\/\",\"name\":\"Home - Sideshore AG\",\"isPartOf\":{\"@id\":\"https:\/\/sideshore.ch\/fr\/#website\"},\"datePublished\":\"2023-09-10T20:40:30+00:00\",\"dateModified\":\"2024-03-19T07:54:19+00:00\",\"breadcrumb\":{\"@id\":\"https:\/\/sideshore.ch\/fr\/#breadcrumb\"},\"inLanguage\":\"fr-FR\",\"potentialAction\":[{\"@type\":\"ReadAction\",\"target\":[\"https:\/\/sideshore.ch\/fr\/\"]}]},{\"@type\":\"BreadcrumbList\",\"@id\":\"https:\/\/sideshore.ch\/fr\/#breadcrumb\",\"itemListElement\":[{\"@type\":\"ListItem\",\"position\":1,\"name\":\"Startseite\",\"item\":\"https:\/\/sideshore.ch\/fr\/\"},{\"@type\":\"ListItem\",\"position\":2,\"name\":\"Home\"}]},{\"@type\":\"WebSite\",\"@id\":\"https:\/\/sideshore.ch\/fr\/#website\",\"url\":\"https:\/\/sideshore.ch\/fr\/\",\"name\":\"Sideshore AG\",\"description\":\"Your Swiss distribution partner for premium sports and outdoor brands\",\"publisher\":{\"@id\":\"https:\/\/sideshore.ch\/fr\/#organization\"},\"potentialAction\":[{\"@type\":\"SearchAction\",\"target\":{\"@type\":\"EntryPoint\",\"urlTemplate\":\"https:\/\/sideshore.ch\/fr\/?s={search_term_string}\"},\"query-input\":{\"@type\":\"PropertyValueSpecification\",\"valueRequired\":true,\"valueName\":\"search_term_string\"}}],\"inLanguage\":\"fr-FR\"},{\"@type\":\"Organization\",\"@id\":\"https:\/\/sideshore.ch\/fr\/#organization\",\"name\":\"Sideshore AG\",\"url\":\"https:\/\/sideshore.ch\/fr\/\",\"logo\":{\"@type\":\"ImageObject\",\"inLanguage\":\"fr-FR\",\"@id\":\"https:\/\/sideshore.ch\/fr\/#\/schema\/logo\/image\/\",\"url\":\"https:\/\/sideshore.ch\/wp-content\/uploads\/2024\/02\/Sideshore_Logo_231129_green.png\",\"contentUrl\":\"https:\/\/sideshore.ch\/wp-content\/uploads\/2024\/02\/Sideshore_Logo_231129_green.png\",\"width\":1875,\"height\":212,\"caption\":\"Sideshore AG\"},\"image\":{\"@id\":\"https:\/\/sideshore.ch\/fr\/#\/schema\/logo\/image\/\"}}]}<\/script>\n<!-- \/ Yoast SEO plugin. -->","yoast_head_json":{"title":"Home - Sideshore AG","description":"Bienvenue En tant que distributeur de diff\u00e9rentes marques de sport, nous commercialisons des produits de premi\u00e8re qualit\u00e9. En mettant clairement l&rsquo;accent sur la ...","robots":{"index":"index","follow":"follow","max-snippet":"max-snippet:-1","max-image-preview":"max-image-preview:large","max-video-preview":"max-video-preview:-1"},"canonical":"https:\/\/sideshore.ch\/fr\/","og_locale":"fr_FR","og_type":"article","og_title":"Home - Sideshore AG","og_description":"Bienvenue En tant que distributeur de diff\u00e9rentes marques de sport, nous commercialisons des produits de premi\u00e8re qualit\u00e9. En mettant clairement l&rsquo;accent sur la ...","og_url":"https:\/\/sideshore.ch\/fr\/","og_site_name":"Sideshore AG","article_modified_time":"2024-03-19T07:54:19+00:00","twitter_card":"summary_large_image","schema":{"@context":"https:\/\/schema.org","@graph":[{"@type":"WebPage","@id":"https:\/\/sideshore.ch\/fr\/","url":"https:\/\/sideshore.ch\/fr\/","name":"Home - Sideshore AG","isPartOf":{"@id":"https:\/\/sideshore.ch\/fr\/#website"},"datePublished":"2023-09-10T20:40:30+00:00","dateModified":"2024-03-19T07:54:19+00:00","breadcrumb":{"@id":"https:\/\/sideshore.ch\/fr\/#breadcrumb"},"inLanguage":"fr-FR","potentialAction":[{"@type":"ReadAction","target":["https:\/\/sideshore.ch\/fr\/"]}]},{"@type":"BreadcrumbList","@id":"https:\/\/sideshore.ch\/fr\/#breadcrumb","itemListElement":[{"@type":"ListItem","position":1,"name":"Startseite","item":"https:\/\/sideshore.ch\/fr\/"},{"@type":"ListItem","position":2,"name":"Home"}]},{"@type":"WebSite","@id":"https:\/\/sideshore.ch\/fr\/#website","url":"https:\/\/sideshore.ch\/fr\/","name":"Sideshore AG","description":"Your Swiss distribution partner for premium sports and outdoor brands","publisher":{"@id":"https:\/\/sideshore.ch\/fr\/#organization"},"potentialAction":[{"@type":"SearchAction","target":{"@type":"EntryPoint","urlTemplate":"https:\/\/sideshore.ch\/fr\/?s={search_term_string}"},"query-input":{"@type":"PropertyValueSpecification","valueRequired":true,"valueName":"search_term_string"}}],"inLanguage":"fr-FR"},{"@type":"Organization","@id":"https:\/\/sideshore.ch\/fr\/#organization","name":"Sideshore AG","url":"https:\/\/sideshore.ch\/fr\/","logo":{"@type":"ImageObject","inLanguage":"fr-FR","@id":"https:\/\/sideshore.ch\/fr\/#\/schema\/logo\/image\/","url":"https:\/\/sideshore.ch\/wp-content\/uploads\/2024\/02\/Sideshore_Logo_231129_green.png","contentUrl":"https:\/\/sideshore.ch\/wp-content\/uploads\/2024\/02\/Sideshore_Logo_231129_green.png","width":1875,"height":212,"caption":"Sideshore AG"},"image":{"@id":"https:\/\/sideshore.ch\/fr\/#\/schema\/logo\/image\/"}}]}},"_links":{"self":[{"href":"https:\/\/sideshore.ch\/fr\/wp-json\/wp\/v2\/pages\/615","targetHints":{"allow":["GET"]}}],"collection":[{"href":"https:\/\/sideshore.ch\/fr\/wp-json\/wp\/v2\/pages"}],"about":[{"href":"https:\/\/sideshore.ch\/fr\/wp-json\/wp\/v2\/types\/page"}],"author":[{"embeddable":true,"href":"https:\/\/sideshore.ch\/fr\/wp-json\/wp\/v2\/users\/2"}],"replies":[{"embeddable":true,"href":"https:\/\/sideshore.ch\/fr\/wp-json\/wp\/v2\/comments?post=615"}],"version-history":[{"count":5,"href":"https:\/\/sideshore.ch\/fr\/wp-json\/wp\/v2\/pages\/615\/revisions"}],"predecessor-version":[{"id":1569,"href":"https:\/\/sideshore.ch\/fr\/wp-json\/wp\/v2\/pages\/615\/revisions\/1569"}],"wp:attachment":[{"href":"https:\/\/sideshore.ch\/fr\/wp-json\/wp\/v2\/media?parent=615"}],"curies":[{"name":"wp","href":"https:\/\/api.w.org\/{rel}","templated":true}]}}