{"id":463,"date":"2023-09-11T13:18:15","date_gmt":"2023-09-11T11:18:15","guid":{"rendered":"https:\/\/sideshore.kunde.website\/jobs\/"},"modified":"2026-02-12T08:52:28","modified_gmt":"2026-02-12T07:52:28","slug":"work","status":"publish","type":"page","link":"https:\/\/sideshore.ch\/fr\/work\/","title":{"rendered":"Jobs"},"content":{"rendered":"\n<div class=\"wp-block-columns is-layout-flex wp-container-core-columns-is-layout-9d6595d7 wp-block-columns-is-layout-flex\">\n<div class=\"wp-block-column is-layout-flow wp-block-column-is-layout-flow\">\n<h2 class=\"wp-block-heading\">Jobs<\/h2>\n\n\n\t\n\t\n\n\n<div class=\"wp-block-group\"><div class=\"wp-block-group__inner-container is-layout-constrained wp-block-group-is-layout-constrained\">\n<div style=\"height:30px\" aria-hidden=\"true\" class=\"wp-block-spacer\"><\/div>\n\n\n\n<p class=\"has-black-color has-text-color has-link-color wp-elements-1d4b17e397f0bd0cd52205a4be087656\">Nous n&rsquo;avons actuellement aucun poste vacant, mais n&rsquo;h\u00e9site pas \u00e0 revenir bient\u00f4t\u2026<\/p>\n<\/div><\/div>\n<\/div>\n\n\n\n<div class=\"wp-block-column is-layout-flow wp-block-column-is-layout-flow\">\n<h2 class=\"wp-block-heading\">Candidature Spontan\u00e9e<\/h2>\n\n\n\n<p>Tu viens de cliquer sur \u00ab\u00a0Job&rsquo;s\u00a0\u00bb sur notre page d&rsquo;accueil. C&rsquo;est peut-\u00eatre le signe que tu pourrais te consid\u00e9rer comme faisant partie de Sideshore AG. Nous sommes une \u00e9quipe jeune, dynamique et sportive qui est motiv\u00e9e jour apr\u00e8s jour pour donner le meilleur d&rsquo;elle-m\u00eame avec beaucoup de passion, de fiabilit\u00e9, d&rsquo;interaction et une vitesse sportive.<\/p>\n\n\n\n<p>Nous attendons volontiers ta candidature spontan\u00e9e par e-mail: <a href=\"mailto:jobs@sideshore.ch\" target=\"_blank\" rel=\"noreferrer noopener\">jobs@sideshore.ch<\/a><\/p>\n\n\n\n<p>Bien entendu, les documents seront trait\u00e9s en toute discr\u00e9tion.<\/p>\n\n\n\n<p>Nous nous r\u00e9jouissons d&rsquo;avoir de tes nouvelles!<\/p>\n<\/div>\n<\/div>\n\n\n\n<p><\/p>\n","protected":false},"excerpt":{"rendered":"<p>Jobs Nous n&rsquo;avons actuellement aucun poste vacant, mais n&rsquo;h\u00e9site pas \u00e0 revenir bient\u00f4t\u2026 Candidature Spontan\u00e9e Tu viens de cliquer sur \u00ab\u00a0Job&rsquo;s\u00a0\u00bb sur notre &#8230;<\/p>\n","protected":false},"author":2,"featured_media":577,"parent":0,"menu_order":0,"comment_status":"closed","ping_status":"closed","template":"","meta":{"_acf_changed":false,"footnotes":""},"class_list":["post-463","page","type-page","status-publish","has-post-thumbnail","hentry"],"acf":[],"yoast_head":"<!-- This site is optimized with the Yoast SEO plugin v27.4 - https:\/\/yoast.com\/product\/yoast-seo-wordpress\/ -->\n<title>Jobs - Sideshore AG<\/title>\n<meta name=\"description\" content=\"Jobs Nous n&rsquo;avons actuellement aucun poste vacant, mais n&rsquo;h\u00e9site pas \u00e0 revenir bient\u00f4t\u2026 Candidature Spontan\u00e9e Tu viens de cliquer sur \u00ab\u00a0Job&rsquo;s\u00a0\u00bb sur notre ...\" \/>\n<meta name=\"robots\" content=\"index, follow, max-snippet:-1, max-image-preview:large, max-video-preview:-1\" \/>\n<link rel=\"canonical\" href=\"https:\/\/sideshore.ch\/fr\/work\/\" \/>\n<meta property=\"og:locale\" content=\"fr_FR\" \/>\n<meta property=\"og:type\" content=\"article\" \/>\n<meta property=\"og:title\" content=\"Jobs - Sideshore AG\" \/>\n<meta property=\"og:description\" content=\"Jobs Nous n&rsquo;avons actuellement aucun poste vacant, mais n&rsquo;h\u00e9site pas \u00e0 revenir bient\u00f4t\u2026 Candidature Spontan\u00e9e Tu viens de cliquer sur \u00ab\u00a0Job&rsquo;s\u00a0\u00bb sur notre ...\" \/>\n<meta property=\"og:url\" content=\"https:\/\/sideshore.ch\/fr\/work\/\" \/>\n<meta property=\"og:site_name\" content=\"Sideshore AG\" \/>\n<meta property=\"article:modified_time\" content=\"2026-02-12T07:52:28+00:00\" \/>\n<meta property=\"og:image\" content=\"https:\/\/sideshore.ch\/wp-content\/uploads\/2024\/02\/Duotone_Kitesurfing001.jpg\" \/>\n\t<meta property=\"og:image:width\" content=\"3000\" \/>\n\t<meta property=\"og:image:height\" content=\"2000\" \/>\n\t<meta property=\"og:image:type\" content=\"image\/jpeg\" \/>\n<meta name=\"twitter:card\" content=\"summary_large_image\" \/>\n<script type=\"application\/ld+json\" class=\"yoast-schema-graph\">{\"@context\":\"https:\\\/\\\/schema.org\",\"@graph\":[{\"@type\":\"WebPage\",\"@id\":\"https:\\\/\\\/sideshore.ch\\\/fr\\\/work\\\/\",\"url\":\"https:\\\/\\\/sideshore.ch\\\/fr\\\/work\\\/\",\"name\":\"Jobs - Sideshore AG\",\"isPartOf\":{\"@id\":\"https:\\\/\\\/sideshore.ch\\\/fr\\\/#website\"},\"primaryImageOfPage\":{\"@id\":\"https:\\\/\\\/sideshore.ch\\\/fr\\\/work\\\/#primaryimage\"},\"image\":{\"@id\":\"https:\\\/\\\/sideshore.ch\\\/fr\\\/work\\\/#primaryimage\"},\"thumbnailUrl\":\"https:\\\/\\\/sideshore.ch\\\/wp-content\\\/uploads\\\/2024\\\/02\\\/Duotone_Kitesurfing001.jpg\",\"datePublished\":\"2023-09-11T11:18:15+00:00\",\"dateModified\":\"2026-02-12T07:52:28+00:00\",\"breadcrumb\":{\"@id\":\"https:\\\/\\\/sideshore.ch\\\/fr\\\/work\\\/#breadcrumb\"},\"inLanguage\":\"fr-FR\",\"potentialAction\":[{\"@type\":\"ReadAction\",\"target\":[\"https:\\\/\\\/sideshore.ch\\\/fr\\\/work\\\/\"]}]},{\"@type\":\"ImageObject\",\"inLanguage\":\"fr-FR\",\"@id\":\"https:\\\/\\\/sideshore.ch\\\/fr\\\/work\\\/#primaryimage\",\"url\":\"https:\\\/\\\/sideshore.ch\\\/wp-content\\\/uploads\\\/2024\\\/02\\\/Duotone_Kitesurfing001.jpg\",\"contentUrl\":\"https:\\\/\\\/sideshore.ch\\\/wp-content\\\/uploads\\\/2024\\\/02\\\/Duotone_Kitesurfing001.jpg\",\"width\":3000,\"height\":2000},{\"@type\":\"BreadcrumbList\",\"@id\":\"https:\\\/\\\/sideshore.ch\\\/fr\\\/work\\\/#breadcrumb\",\"itemListElement\":[{\"@type\":\"ListItem\",\"position\":1,\"name\":\"Startseite\",\"item\":\"https:\\\/\\\/sideshore.ch\\\/fr\\\/\"},{\"@type\":\"ListItem\",\"position\":2,\"name\":\"Jobs\"}]},{\"@type\":\"WebSite\",\"@id\":\"https:\\\/\\\/sideshore.ch\\\/fr\\\/#website\",\"url\":\"https:\\\/\\\/sideshore.ch\\\/fr\\\/\",\"name\":\"Sideshore AG\",\"description\":\"Your Swiss distribution partner for premium sports and outdoor brands\",\"publisher\":{\"@id\":\"https:\\\/\\\/sideshore.ch\\\/fr\\\/#organization\"},\"potentialAction\":[{\"@type\":\"SearchAction\",\"target\":{\"@type\":\"EntryPoint\",\"urlTemplate\":\"https:\\\/\\\/sideshore.ch\\\/fr\\\/?s={search_term_string}\"},\"query-input\":{\"@type\":\"PropertyValueSpecification\",\"valueRequired\":true,\"valueName\":\"search_term_string\"}}],\"inLanguage\":\"fr-FR\"},{\"@type\":\"Organization\",\"@id\":\"https:\\\/\\\/sideshore.ch\\\/fr\\\/#organization\",\"name\":\"Sideshore AG\",\"url\":\"https:\\\/\\\/sideshore.ch\\\/fr\\\/\",\"logo\":{\"@type\":\"ImageObject\",\"inLanguage\":\"fr-FR\",\"@id\":\"https:\\\/\\\/sideshore.ch\\\/fr\\\/#\\\/schema\\\/logo\\\/image\\\/\",\"url\":\"https:\\\/\\\/sideshore.ch\\\/wp-content\\\/uploads\\\/2024\\\/02\\\/Sideshore_Logo_231129_green.png\",\"contentUrl\":\"https:\\\/\\\/sideshore.ch\\\/wp-content\\\/uploads\\\/2024\\\/02\\\/Sideshore_Logo_231129_green.png\",\"width\":1875,\"height\":212,\"caption\":\"Sideshore AG\"},\"image\":{\"@id\":\"https:\\\/\\\/sideshore.ch\\\/fr\\\/#\\\/schema\\\/logo\\\/image\\\/\"}}]}<\/script>\n<!-- \/ Yoast SEO plugin. -->","yoast_head_json":{"title":"Jobs - Sideshore AG","description":"Jobs Nous n&rsquo;avons actuellement aucun poste vacant, mais n&rsquo;h\u00e9site pas \u00e0 revenir bient\u00f4t\u2026 Candidature Spontan\u00e9e Tu viens de cliquer sur \u00ab\u00a0Job&rsquo;s\u00a0\u00bb sur notre ...","robots":{"index":"index","follow":"follow","max-snippet":"max-snippet:-1","max-image-preview":"max-image-preview:large","max-video-preview":"max-video-preview:-1"},"canonical":"https:\/\/sideshore.ch\/fr\/work\/","og_locale":"fr_FR","og_type":"article","og_title":"Jobs - Sideshore AG","og_description":"Jobs Nous n&rsquo;avons actuellement aucun poste vacant, mais n&rsquo;h\u00e9site pas \u00e0 revenir bient\u00f4t\u2026 Candidature Spontan\u00e9e Tu viens de cliquer sur \u00ab\u00a0Job&rsquo;s\u00a0\u00bb sur notre ...","og_url":"https:\/\/sideshore.ch\/fr\/work\/","og_site_name":"Sideshore AG","article_modified_time":"2026-02-12T07:52:28+00:00","og_image":[{"width":3000,"height":2000,"url":"https:\/\/sideshore.ch\/wp-content\/uploads\/2024\/02\/Duotone_Kitesurfing001.jpg","type":"image\/jpeg"}],"twitter_card":"summary_large_image","schema":{"@context":"https:\/\/schema.org","@graph":[{"@type":"WebPage","@id":"https:\/\/sideshore.ch\/fr\/work\/","url":"https:\/\/sideshore.ch\/fr\/work\/","name":"Jobs - Sideshore AG","isPartOf":{"@id":"https:\/\/sideshore.ch\/fr\/#website"},"primaryImageOfPage":{"@id":"https:\/\/sideshore.ch\/fr\/work\/#primaryimage"},"image":{"@id":"https:\/\/sideshore.ch\/fr\/work\/#primaryimage"},"thumbnailUrl":"https:\/\/sideshore.ch\/wp-content\/uploads\/2024\/02\/Duotone_Kitesurfing001.jpg","datePublished":"2023-09-11T11:18:15+00:00","dateModified":"2026-02-12T07:52:28+00:00","breadcrumb":{"@id":"https:\/\/sideshore.ch\/fr\/work\/#breadcrumb"},"inLanguage":"fr-FR","potentialAction":[{"@type":"ReadAction","target":["https:\/\/sideshore.ch\/fr\/work\/"]}]},{"@type":"ImageObject","inLanguage":"fr-FR","@id":"https:\/\/sideshore.ch\/fr\/work\/#primaryimage","url":"https:\/\/sideshore.ch\/wp-content\/uploads\/2024\/02\/Duotone_Kitesurfing001.jpg","contentUrl":"https:\/\/sideshore.ch\/wp-content\/uploads\/2024\/02\/Duotone_Kitesurfing001.jpg","width":3000,"height":2000},{"@type":"BreadcrumbList","@id":"https:\/\/sideshore.ch\/fr\/work\/#breadcrumb","itemListElement":[{"@type":"ListItem","position":1,"name":"Startseite","item":"https:\/\/sideshore.ch\/fr\/"},{"@type":"ListItem","position":2,"name":"Jobs"}]},{"@type":"WebSite","@id":"https:\/\/sideshore.ch\/fr\/#website","url":"https:\/\/sideshore.ch\/fr\/","name":"Sideshore AG","description":"Your Swiss distribution partner for premium sports and outdoor brands","publisher":{"@id":"https:\/\/sideshore.ch\/fr\/#organization"},"potentialAction":[{"@type":"SearchAction","target":{"@type":"EntryPoint","urlTemplate":"https:\/\/sideshore.ch\/fr\/?s={search_term_string}"},"query-input":{"@type":"PropertyValueSpecification","valueRequired":true,"valueName":"search_term_string"}}],"inLanguage":"fr-FR"},{"@type":"Organization","@id":"https:\/\/sideshore.ch\/fr\/#organization","name":"Sideshore AG","url":"https:\/\/sideshore.ch\/fr\/","logo":{"@type":"ImageObject","inLanguage":"fr-FR","@id":"https:\/\/sideshore.ch\/fr\/#\/schema\/logo\/image\/","url":"https:\/\/sideshore.ch\/wp-content\/uploads\/2024\/02\/Sideshore_Logo_231129_green.png","contentUrl":"https:\/\/sideshore.ch\/wp-content\/uploads\/2024\/02\/Sideshore_Logo_231129_green.png","width":1875,"height":212,"caption":"Sideshore AG"},"image":{"@id":"https:\/\/sideshore.ch\/fr\/#\/schema\/logo\/image\/"}}]}},"_links":{"self":[{"href":"https:\/\/sideshore.ch\/fr\/wp-json\/wp\/v2\/pages\/463","targetHints":{"allow":["GET"]}}],"collection":[{"href":"https:\/\/sideshore.ch\/fr\/wp-json\/wp\/v2\/pages"}],"about":[{"href":"https:\/\/sideshore.ch\/fr\/wp-json\/wp\/v2\/types\/page"}],"author":[{"embeddable":true,"href":"https:\/\/sideshore.ch\/fr\/wp-json\/wp\/v2\/users\/2"}],"replies":[{"embeddable":true,"href":"https:\/\/sideshore.ch\/fr\/wp-json\/wp\/v2\/comments?post=463"}],"version-history":[{"count":26,"href":"https:\/\/sideshore.ch\/fr\/wp-json\/wp\/v2\/pages\/463\/revisions"}],"predecessor-version":[{"id":2290,"href":"https:\/\/sideshore.ch\/fr\/wp-json\/wp\/v2\/pages\/463\/revisions\/2290"}],"wp:featuredmedia":[{"embeddable":true,"href":"https:\/\/sideshore.ch\/fr\/wp-json\/wp\/v2\/media\/577"}],"wp:attachment":[{"href":"https:\/\/sideshore.ch\/fr\/wp-json\/wp\/v2\/media?parent=463"}],"curies":[{"name":"wp","href":"https:\/\/api.w.org\/{rel}","templated":true}]}}