{"id":1216,"date":"2024-02-14T10:44:28","date_gmt":"2024-02-14T09:44:28","guid":{"rendered":"https:\/\/sideshore.kunde.website\/kontaktformular-versendet\/"},"modified":"2024-02-14T11:04:05","modified_gmt":"2024-02-14T10:04:05","slug":"kontaktformular-versendet","status":"publish","type":"page","link":"https:\/\/sideshore.ch\/fr\/kontaktformular-versendet\/","title":{"rendered":"Formulaire contact envoy\u00e9"},"content":{"rendered":"\n<h2 class=\"wp-block-heading\">Formulaire contact envoy\u00e9<\/h2>\n\n\n\n<p>Merci pour ton message.<\/p>\n\n\n\n<p>Nous nous en occupons et te contacterons.<\/p>\n\n\n\n<p class=\"has-light-green-cyan-color has-text-color has-link-color wp-elements-c0cf4afd29d74c9d8d9c495a299179b7\"><strong>Ton \u00e9quipe Sideshore<\/strong><\/p>\n","protected":false},"excerpt":{"rendered":"<p>Formulaire contact envoy\u00e9 Merci pour ton message. Nous nous en occupons et te contacterons. Ton \u00e9quipe Sideshore<\/p>\n","protected":false},"author":3,"featured_media":526,"parent":0,"menu_order":0,"comment_status":"closed","ping_status":"closed","template":"","meta":{"_acf_changed":false,"footnotes":""},"class_list":["post-1216","page","type-page","status-publish","has-post-thumbnail","hentry"],"acf":[],"yoast_head":"<!-- This site is optimized with the Yoast SEO plugin v27.2 - https:\/\/yoast.com\/product\/yoast-seo-wordpress\/ -->\n<title>Formulaire contact envoy\u00e9 - Sideshore AG<\/title>\n<meta name=\"description\" content=\"Formulaire contact envoy\u00e9 Merci pour ton message. Nous nous en occupons et te contacterons. Ton \u00e9quipe Sideshore\" \/>\n<meta name=\"robots\" content=\"index, follow, max-snippet:-1, max-image-preview:large, max-video-preview:-1\" \/>\n<link rel=\"canonical\" href=\"https:\/\/sideshore.ch\/fr\/kontaktformular-versendet\/\" \/>\n<meta property=\"og:locale\" content=\"fr_FR\" \/>\n<meta property=\"og:type\" content=\"article\" \/>\n<meta property=\"og:title\" content=\"Formulaire contact envoy\u00e9 - Sideshore AG\" \/>\n<meta property=\"og:description\" content=\"Formulaire contact envoy\u00e9 Merci pour ton message. Nous nous en occupons et te contacterons. Ton \u00e9quipe Sideshore\" \/>\n<meta property=\"og:url\" content=\"https:\/\/sideshore.ch\/fr\/kontaktformular-versendet\/\" \/>\n<meta property=\"og:site_name\" content=\"Sideshore AG\" \/>\n<meta property=\"article:modified_time\" content=\"2024-02-14T10:04:05+00:00\" \/>\n<meta property=\"og:image\" content=\"https:\/\/sideshore.ch\/wp-content\/uploads\/2024\/02\/SQlab_Cycling003.jpg\" \/>\n\t<meta property=\"og:image:width\" content=\"3000\" \/>\n\t<meta property=\"og:image:height\" content=\"2000\" \/>\n\t<meta property=\"og:image:type\" content=\"image\/jpeg\" \/>\n<meta name=\"twitter:card\" content=\"summary_large_image\" \/>\n<script type=\"application\/ld+json\" class=\"yoast-schema-graph\">{\"@context\":\"https:\/\/schema.org\",\"@graph\":[{\"@type\":\"WebPage\",\"@id\":\"https:\/\/sideshore.ch\/fr\/kontaktformular-versendet\/\",\"url\":\"https:\/\/sideshore.ch\/fr\/kontaktformular-versendet\/\",\"name\":\"Formulaire contact envoy\u00e9 - Sideshore AG\",\"isPartOf\":{\"@id\":\"https:\/\/sideshore.ch\/fr\/#website\"},\"primaryImageOfPage\":{\"@id\":\"https:\/\/sideshore.ch\/fr\/kontaktformular-versendet\/#primaryimage\"},\"image\":{\"@id\":\"https:\/\/sideshore.ch\/fr\/kontaktformular-versendet\/#primaryimage\"},\"thumbnailUrl\":\"https:\/\/sideshore.ch\/wp-content\/uploads\/2024\/02\/SQlab_Cycling003.jpg\",\"datePublished\":\"2024-02-14T09:44:28+00:00\",\"dateModified\":\"2024-02-14T10:04:05+00:00\",\"breadcrumb\":{\"@id\":\"https:\/\/sideshore.ch\/fr\/kontaktformular-versendet\/#breadcrumb\"},\"inLanguage\":\"fr-FR\",\"potentialAction\":[{\"@type\":\"ReadAction\",\"target\":[\"https:\/\/sideshore.ch\/fr\/kontaktformular-versendet\/\"]}]},{\"@type\":\"ImageObject\",\"inLanguage\":\"fr-FR\",\"@id\":\"https:\/\/sideshore.ch\/fr\/kontaktformular-versendet\/#primaryimage\",\"url\":\"https:\/\/sideshore.ch\/wp-content\/uploads\/2024\/02\/SQlab_Cycling003.jpg\",\"contentUrl\":\"https:\/\/sideshore.ch\/wp-content\/uploads\/2024\/02\/SQlab_Cycling003.jpg\",\"width\":3000,\"height\":2000},{\"@type\":\"BreadcrumbList\",\"@id\":\"https:\/\/sideshore.ch\/fr\/kontaktformular-versendet\/#breadcrumb\",\"itemListElement\":[{\"@type\":\"ListItem\",\"position\":1,\"name\":\"Startseite\",\"item\":\"https:\/\/sideshore.ch\/fr\/\"},{\"@type\":\"ListItem\",\"position\":2,\"name\":\"Formulaire contact envoy\u00e9\"}]},{\"@type\":\"WebSite\",\"@id\":\"https:\/\/sideshore.ch\/fr\/#website\",\"url\":\"https:\/\/sideshore.ch\/fr\/\",\"name\":\"Sideshore AG\",\"description\":\"Your Swiss distribution partner for premium sports and outdoor brands\",\"publisher\":{\"@id\":\"https:\/\/sideshore.ch\/fr\/#organization\"},\"potentialAction\":[{\"@type\":\"SearchAction\",\"target\":{\"@type\":\"EntryPoint\",\"urlTemplate\":\"https:\/\/sideshore.ch\/fr\/?s={search_term_string}\"},\"query-input\":{\"@type\":\"PropertyValueSpecification\",\"valueRequired\":true,\"valueName\":\"search_term_string\"}}],\"inLanguage\":\"fr-FR\"},{\"@type\":\"Organization\",\"@id\":\"https:\/\/sideshore.ch\/fr\/#organization\",\"name\":\"Sideshore AG\",\"url\":\"https:\/\/sideshore.ch\/fr\/\",\"logo\":{\"@type\":\"ImageObject\",\"inLanguage\":\"fr-FR\",\"@id\":\"https:\/\/sideshore.ch\/fr\/#\/schema\/logo\/image\/\",\"url\":\"https:\/\/sideshore.ch\/wp-content\/uploads\/2024\/02\/Sideshore_Logo_231129_green.png\",\"contentUrl\":\"https:\/\/sideshore.ch\/wp-content\/uploads\/2024\/02\/Sideshore_Logo_231129_green.png\",\"width\":1875,\"height\":212,\"caption\":\"Sideshore AG\"},\"image\":{\"@id\":\"https:\/\/sideshore.ch\/fr\/#\/schema\/logo\/image\/\"}}]}<\/script>\n<!-- \/ Yoast SEO plugin. -->","yoast_head_json":{"title":"Formulaire contact envoy\u00e9 - Sideshore AG","description":"Formulaire contact envoy\u00e9 Merci pour ton message. Nous nous en occupons et te contacterons. Ton \u00e9quipe Sideshore","robots":{"index":"index","follow":"follow","max-snippet":"max-snippet:-1","max-image-preview":"max-image-preview:large","max-video-preview":"max-video-preview:-1"},"canonical":"https:\/\/sideshore.ch\/fr\/kontaktformular-versendet\/","og_locale":"fr_FR","og_type":"article","og_title":"Formulaire contact envoy\u00e9 - Sideshore AG","og_description":"Formulaire contact envoy\u00e9 Merci pour ton message. Nous nous en occupons et te contacterons. Ton \u00e9quipe Sideshore","og_url":"https:\/\/sideshore.ch\/fr\/kontaktformular-versendet\/","og_site_name":"Sideshore AG","article_modified_time":"2024-02-14T10:04:05+00:00","og_image":[{"width":3000,"height":2000,"url":"https:\/\/sideshore.ch\/wp-content\/uploads\/2024\/02\/SQlab_Cycling003.jpg","type":"image\/jpeg"}],"twitter_card":"summary_large_image","schema":{"@context":"https:\/\/schema.org","@graph":[{"@type":"WebPage","@id":"https:\/\/sideshore.ch\/fr\/kontaktformular-versendet\/","url":"https:\/\/sideshore.ch\/fr\/kontaktformular-versendet\/","name":"Formulaire contact envoy\u00e9 - Sideshore AG","isPartOf":{"@id":"https:\/\/sideshore.ch\/fr\/#website"},"primaryImageOfPage":{"@id":"https:\/\/sideshore.ch\/fr\/kontaktformular-versendet\/#primaryimage"},"image":{"@id":"https:\/\/sideshore.ch\/fr\/kontaktformular-versendet\/#primaryimage"},"thumbnailUrl":"https:\/\/sideshore.ch\/wp-content\/uploads\/2024\/02\/SQlab_Cycling003.jpg","datePublished":"2024-02-14T09:44:28+00:00","dateModified":"2024-02-14T10:04:05+00:00","breadcrumb":{"@id":"https:\/\/sideshore.ch\/fr\/kontaktformular-versendet\/#breadcrumb"},"inLanguage":"fr-FR","potentialAction":[{"@type":"ReadAction","target":["https:\/\/sideshore.ch\/fr\/kontaktformular-versendet\/"]}]},{"@type":"ImageObject","inLanguage":"fr-FR","@id":"https:\/\/sideshore.ch\/fr\/kontaktformular-versendet\/#primaryimage","url":"https:\/\/sideshore.ch\/wp-content\/uploads\/2024\/02\/SQlab_Cycling003.jpg","contentUrl":"https:\/\/sideshore.ch\/wp-content\/uploads\/2024\/02\/SQlab_Cycling003.jpg","width":3000,"height":2000},{"@type":"BreadcrumbList","@id":"https:\/\/sideshore.ch\/fr\/kontaktformular-versendet\/#breadcrumb","itemListElement":[{"@type":"ListItem","position":1,"name":"Startseite","item":"https:\/\/sideshore.ch\/fr\/"},{"@type":"ListItem","position":2,"name":"Formulaire contact envoy\u00e9"}]},{"@type":"WebSite","@id":"https:\/\/sideshore.ch\/fr\/#website","url":"https:\/\/sideshore.ch\/fr\/","name":"Sideshore AG","description":"Your Swiss distribution partner for premium sports and outdoor brands","publisher":{"@id":"https:\/\/sideshore.ch\/fr\/#organization"},"potentialAction":[{"@type":"SearchAction","target":{"@type":"EntryPoint","urlTemplate":"https:\/\/sideshore.ch\/fr\/?s={search_term_string}"},"query-input":{"@type":"PropertyValueSpecification","valueRequired":true,"valueName":"search_term_string"}}],"inLanguage":"fr-FR"},{"@type":"Organization","@id":"https:\/\/sideshore.ch\/fr\/#organization","name":"Sideshore AG","url":"https:\/\/sideshore.ch\/fr\/","logo":{"@type":"ImageObject","inLanguage":"fr-FR","@id":"https:\/\/sideshore.ch\/fr\/#\/schema\/logo\/image\/","url":"https:\/\/sideshore.ch\/wp-content\/uploads\/2024\/02\/Sideshore_Logo_231129_green.png","contentUrl":"https:\/\/sideshore.ch\/wp-content\/uploads\/2024\/02\/Sideshore_Logo_231129_green.png","width":1875,"height":212,"caption":"Sideshore AG"},"image":{"@id":"https:\/\/sideshore.ch\/fr\/#\/schema\/logo\/image\/"}}]}},"_links":{"self":[{"href":"https:\/\/sideshore.ch\/fr\/wp-json\/wp\/v2\/pages\/1216","targetHints":{"allow":["GET"]}}],"collection":[{"href":"https:\/\/sideshore.ch\/fr\/wp-json\/wp\/v2\/pages"}],"about":[{"href":"https:\/\/sideshore.ch\/fr\/wp-json\/wp\/v2\/types\/page"}],"author":[{"embeddable":true,"href":"https:\/\/sideshore.ch\/fr\/wp-json\/wp\/v2\/users\/3"}],"replies":[{"embeddable":true,"href":"https:\/\/sideshore.ch\/fr\/wp-json\/wp\/v2\/comments?post=1216"}],"version-history":[{"count":1,"href":"https:\/\/sideshore.ch\/fr\/wp-json\/wp\/v2\/pages\/1216\/revisions"}],"predecessor-version":[{"id":1224,"href":"https:\/\/sideshore.ch\/fr\/wp-json\/wp\/v2\/pages\/1216\/revisions\/1224"}],"wp:featuredmedia":[{"embeddable":true,"href":"https:\/\/sideshore.ch\/fr\/wp-json\/wp\/v2\/media\/526"}],"wp:attachment":[{"href":"https:\/\/sideshore.ch\/fr\/wp-json\/wp\/v2\/media?parent=1216"}],"curies":[{"name":"wp","href":"https:\/\/api.w.org\/{rel}","templated":true}]}}